{"id":47568,"date":"2020-07-10T11:25:25","date_gmt":"2020-07-10T09:25:25","guid":{"rendered":"https:\/\/www.entrack.no\/?page_id=47568"},"modified":"2026-04-25T17:54:25","modified_gmt":"2026-04-25T15:54:25","slug":"service","status":"publish","type":"page","link":"https:\/\/www.entrack.no\/en\/service\/","title":{"rendered":"Entrack service"},"content":{"rendered":"<div data-elementor-type=\"wp-post\" data-elementor-id=\"47568\" class=\"elementor elementor-47568\" data-elementor-post-type=\"page\">\n\t\t\t\t\t\t<section class=\"elementor-section elementor-top-section elementor-element elementor-element-25ca38f elementor-section-boxed elementor-section-height-default elementor-section-height-default\" data-id=\"25ca38f\" data-element_type=\"section\" data-e-type=\"section\">\n\t\t\t\t\t\t<div class=\"elementor-container elementor-column-gap-default\">\n\t\t\t\t\t<div class=\"elementor-column elementor-col-50 elementor-top-column elementor-element elementor-element-c9f50d7\" data-id=\"c9f50d7\" data-element_type=\"column\" data-e-type=\"column\">\n\t\t\t<div class=\"elementor-widget-wrap elementor-element-populated\">\n\t\t\t\t\t\t<div class=\"elementor-element elementor-element-18061e1 elementor-widget elementor-widget-heading\" data-id=\"18061e1\" data-element_type=\"widget\" data-e-type=\"widget\" data-widget_type=\"heading.default\">\n\t\t\t\t<div class=\"elementor-widget-container\">\n\t\t\t\t\t<h1 class=\"elementor-heading-title elementor-size-default\">Entrack Machine Service<\/h1>\t\t\t\t<\/div>\n\t\t\t\t<\/div>\n\t\t\t\t<div class=\"elementor-element elementor-element-7a0fd1d elementor-widget elementor-widget-text-editor\" data-id=\"7a0fd1d\" data-element_type=\"widget\" data-e-type=\"widget\" data-widget_type=\"text-editor.default\">\n\t\t\t\t<div class=\"elementor-widget-container\">\n\t\t\t\t\t\t\t\t\t<p>By utilising Entrack's service technicians, you maintain the quality of your machinery and equipment. We have a nationwide service network that serves most types of machines and equipment, regardless of brand or type.<\/p>\t\t\t\t\t\t\t\t<\/div>\n\t\t\t\t<\/div>\n\t\t\t\t<div class=\"elementor-element elementor-element-ba02309 elementor-widget elementor-widget-text-editor\" data-id=\"ba02309\" data-element_type=\"widget\" data-e-type=\"widget\" data-widget_type=\"text-editor.default\">\n\t\t\t\t<div class=\"elementor-widget-container\">\n\t\t\t\t\t\t\t\t\t<p class=\"p1\">We also offer a full range of parts, filters and glass for most machine types. Feel free to ask us for a price on parts and equipment fully assembled. Through our nationwide service network, we can help you with what you need to maintain a good and economical operation. When choosing a service partner, it's important to think about what you want to achieve. Is it just to get the job done? Or is it to get the job done with good quality at the right time and price?<\/p><p>At Entrack AS, we are constantly working to train and educate our service mechanics. This is so that we can always provide the best service for you and your machines. <strong><a href=\"https:\/\/www.entrack.no\/en\/departments\/\">Contact the Entrack department<\/a><\/strong> closest to you for more information and offers. Entrack AS provides total service for many large companies in Norway.<\/p>\t\t\t\t\t\t\t\t<\/div>\n\t\t\t\t<\/div>\n\t\t\t\t<div class=\"elementor-element elementor-element-62af123 elementor-widget elementor-widget-button\" data-id=\"62af123\" data-element_type=\"widget\" data-e-type=\"widget\" data-widget_type=\"button.default\">\n\t\t\t\t<div class=\"elementor-widget-container\">\n\t\t\t\t\t\t\t\t\t<div class=\"elementor-button-wrapper\">\n\t\t\t\t\t<a class=\"elementor-button elementor-button-link elementor-size-sm\" href=\"https:\/\/www.entrack.no\/en\/book-service\/\">\n\t\t\t\t\t\t<span class=\"elementor-button-content-wrapper\">\n\t\t\t\t\t\t\t\t\t<span class=\"elementor-button-text\">Order service here<\/span>\n\t\t\t\t\t<\/span>\n\t\t\t\t\t<\/a>\n\t\t\t\t<\/div>\n\t\t\t\t\t\t\t\t<\/div>\n\t\t\t\t<\/div>\n\t\t\t\t\t<\/div>\n\t\t<\/div>\n\t\t\t\t<div class=\"elementor-column elementor-col-50 elementor-top-column elementor-element elementor-element-2090239\" data-id=\"2090239\" data-element_type=\"column\" data-e-type=\"column\">\n\t\t\t<div class=\"elementor-widget-wrap elementor-element-populated\">\n\t\t\t\t\t\t<div class=\"elementor-element elementor-element-e1b0bf7 elementor-widget__width-initial elementor-widget elementor-widget-image\" data-id=\"e1b0bf7\" data-element_type=\"widget\" data-e-type=\"widget\" data-widget_type=\"image.default\">\n\t\t\t\t<div class=\"elementor-widget-container\">\n\t\t\t\t\t\t\t\t\t\t\t\t\t\t\t<img fetchpriority=\"high\" decoding=\"async\" width=\"400\" height=\"713\" src=\"https:\/\/www.entrack.no\/wp-content\/uploads\/2026\/04\/servicekart-22-04-26.png\" class=\"attachment-large size-large wp-image-66217\" alt=\"\" srcset=\"https:\/\/www.entrack.no\/wp-content\/uploads\/2026\/04\/servicekart-22-04-26.png 400w, https:\/\/www.entrack.no\/wp-content\/uploads\/2026\/04\/servicekart-22-04-26-168x300.png 168w, https:\/\/www.entrack.no\/wp-content\/uploads\/2026\/04\/servicekart-22-04-26-7x12.png 7w\" sizes=\"(max-width: 400px) 100vw, 400px\" \/>\t\t\t\t\t\t\t\t\t\t\t\t\t\t\t<\/div>\n\t\t\t\t<\/div>\n\t\t\t\t\t<\/div>\n\t\t<\/div>\n\t\t\t\t\t<\/div>\n\t\t<\/section>\n\t\t\t\t<section class=\"elementor-section elementor-top-section elementor-element elementor-element-8426b16 elementor-section-boxed elementor-section-height-default elementor-section-height-default\" data-id=\"8426b16\" data-element_type=\"section\" data-e-type=\"section\">\n\t\t\t\t\t\t<div class=\"elementor-container elementor-column-gap-default\">\n\t\t\t\t\t<div class=\"elementor-column elementor-col-100 elementor-top-column elementor-element elementor-element-ef55ef7\" data-id=\"ef55ef7\" data-element_type=\"column\" data-e-type=\"column\">\n\t\t\t<div class=\"elementor-widget-wrap elementor-element-populated\">\n\t\t\t\t\t\t<div class=\"elementor-element elementor-element-48bd0c4 elementor-widget elementor-widget-text-editor\" data-id=\"48bd0c4\" data-element_type=\"widget\" data-e-type=\"widget\" data-widget_type=\"text-editor.default\">\n\t\t\t\t<div class=\"elementor-widget-container\">\n\t\t\t\t\t\t\t\t\t<h2>Service points<\/h2><p>Find your nearest service point below.\u00a0<\/p>\t\t\t\t\t\t\t\t<\/div>\n\t\t\t\t<\/div>\n\t\t\t\t\t<\/div>\n\t\t<\/div>\n\t\t\t\t\t<\/div>\n\t\t<\/section>\n\t\t\t\t<section class=\"elementor-section elementor-top-section elementor-element elementor-element-30d8803 elementor-section-boxed elementor-section-height-default elementor-section-height-default\" data-id=\"30d8803\" data-element_type=\"section\" data-e-type=\"section\">\n\t\t\t\t\t\t<div class=\"elementor-container elementor-column-gap-default\">\n\t\t\t\t\t<div class=\"elementor-column elementor-col-50 elementor-top-column elementor-element elementor-element-438d92b\" data-id=\"438d92b\" data-element_type=\"column\" data-e-type=\"column\">\n\t\t\t<div class=\"elementor-widget-wrap elementor-element-populated\">\n\t\t\t\t\t\t<div class=\"elementor-element elementor-element-6739bde elementor-widget elementor-widget-text-editor\" data-id=\"6739bde\" data-element_type=\"widget\" data-e-type=\"widget\" data-widget_type=\"text-editor.default\">\n\t\t\t\t<div class=\"elementor-widget-container\">\n\t\t\t\t\t\t\t\t\t<p class=\"distrikt\">District North - Troms \/ Finnmark<\/p><p><strong>Maskinservice Nord As<br \/>S\u00f8elvdalen 5<br \/>9538 Alta<\/strong><span data-e1de8ef6-b3fa-4d10-a6df-dd25d3a492c1-7=\"true\"><br \/>Tel: 48 40 78 84<br \/>E-mail: frank@maskinsnas.com<\/span><\/p><p class=\"distrikt\">District - Troms\u00f8 and surroundings<\/p><p><strong><b data-e1de8ef6-b3fa-4d10-a6df-dd25d3a492c1-43=\"true\">Dagenborg Maskin As<\/b>,<br \/>Skatt\u00f8rvegen 60<br \/>9018 Troms\u00f8, Norway <\/strong><br \/>Attn: <span data-e1de8ef6-b3fa-4d10-a6df-dd25d3a492c1-7=\"true\">H\u00e5kon Dagenborg<br \/>Tel: 98 21 83 31<\/span><\/p><p class=\"distrikt\">District - Fauske<\/p><p><strong>Setmek AS<br \/><\/strong><span data-f8482efb-3051-4b44-bfe6-81035d644a5e-7=\"true\">Fredrik Sets\u00e5<\/span><br \/>Vatnbygdveien 333,<br \/>8211 Fauske<br \/>Attn: Fredrik Sets\u00e5<br \/>Phone: 94 89 33 52<\/p><p class=\"distrikt\">District - Nordland East<\/p><p><b>Taraldsvik Maskin \/ TM Maskin,<br \/>Beisfjordveien 10, 8514 Narvik<br \/><\/b>Tel. switchboard: 769 45 560<br \/><span style=\"font-size: 1rem;\">Tel. workshop: 477 06 672<br \/>Email: <span data-ogsc=\"rgb(70, 120, 134)\"><u><a title=\"mailto:Post@taraldsvik.no\" href=\"mailto:post@taraldsvik.no\" data-outlook-id=\"e0f608c8-1fb1-4441-aad3-c37256bd9980\" data-ogsc=\"rgb(70, 120, 134)\">post@taraldsvik.no<\/a><\/u><\/span><\/span><\/p><p class=\"distrikt\">District - Lofoten<\/p><p><strong>Hagv\u00e5g Rep-Service AS<br \/><\/strong><span data-f8482efb-3051-4b44-bfe6-81035d644a5e-7=\"true\">Eggumsveien 65, 8360 B\u00f8stad<br \/>Attn: Ruben Toften<br \/>Tel: 97 53 72 63<\/span><\/p><p class=\"distrikt\">District - Nordland South<\/p><p><strong>Ytreg\u00e5rd AS,<br \/>Saltfjellveien 8, 8613 Mo I Rana, Norway<\/strong><br \/>Attn: Daniel Yterg\u00e5rd,<br \/>Phone: 974 31 210<br \/>Email: <a href=\"mailto:daniel@ytregard.no\">daniel@ytregard.no<\/a><\/p><p class=\"distrikt\">District - Nord Tr\u00f8nderlag<\/p><p><strong>Fj\u00e6r Maskinservice a\/s<br \/>Lisbj\u00f8rknesvegen 78, 7970 Kolvereid<\/strong><br \/>Tel: 95 48 97 09<br \/>Email: <a href=\"mailto:f.maskinservice@outlook.com\">f.maskinservice@outlook.com<\/a><br \/><br \/><strong>Melby Maskin &amp; Industriservice<\/strong><br \/><strong>Gravin 32, 7657 Verdal<\/strong><br \/>Tel: 67 22 80 99<br \/>Email: <a href=\"mailto:thmelby@melbymaskin.no\">thmelby@melbymaskin.no<\/a><\/p><p class=\"distrikt\">District - Tr\u00f8ndelag<\/p><p><strong>Entrack AS,<br \/>Heggstadmyra 2, 7080 Heimdal<\/strong><br \/>Roger Myhre<br \/>Tel: 48 01 47 24<br \/>Email: <a href=\"mailto:roger@entrack.no\">roger@entrack.no<\/a><\/p><p class=\"distrikt\">District - North M\u00f8re and M\u00f8re og Romsdal<\/p><p><strong>Entrack AS,<br \/><\/strong>Attn: Ole Kristian Midtb\u00f8,<br \/>Phone: 908 81 594<br \/>Email: <a href=\"mailto:ole.midtbo@entrack.no\">ole.midtbo@entrack.no<\/a><\/p><p class=\"distrikt\">District - Sogn og Fjordane\/ from Sognefjorden to Voldsfjorden<\/p><p><strong>Entrack AS, Jofred-Arne Vallestad,<br \/>Flovegen 11, 6800 F\u00f8rde, Norway<\/strong><br \/>Attn: Jofred-Arne Vallestad,<br \/>Phone: 476 65 520<br \/>Email: <a href=\"mailto:jofred-arne@entrack.no\">jofred-arne@entrack.no<\/a><\/p><p class=\"distrikt\">District - Hordaland \/ Sogn og Fjordane south of the Sognefjord<\/p><p><strong>Entrack AS<br \/>Fleslandsvegen 70, 5258 Blomsterdalen<br \/><\/strong>Torbj\u00f8rn Soldal<br \/><a href=\"mailto:torbjorn.soldal@entrack.no\">torbjorn.soldal@entrack.no<\/a><br \/>Tel: 46 89 58 80<br \/>Tel: 62 94 54 40<\/p>\t\t\t\t\t\t\t\t<\/div>\n\t\t\t\t<\/div>\n\t\t\t\t\t<\/div>\n\t\t<\/div>\n\t\t\t\t<div class=\"elementor-column elementor-col-50 elementor-top-column elementor-element elementor-element-278e5db\" data-id=\"278e5db\" data-element_type=\"column\" data-e-type=\"column\">\n\t\t\t<div class=\"elementor-widget-wrap elementor-element-populated\">\n\t\t\t\t\t\t<div class=\"elementor-element elementor-element-ef529cc elementor-widget elementor-widget-text-editor\" data-id=\"ef529cc\" data-element_type=\"widget\" data-e-type=\"widget\" data-widget_type=\"text-editor.default\">\n\t\t\t\t<div class=\"elementor-widget-container\">\n\t\t\t\t\t\t\t\t\t<p class=\"distrikt\">District - Hordaland East<\/p><p><b>Entrack AS Bergen, Fleslandsvegen 70,<br \/>5258 Flower Valley<\/b><br \/>Attn: Torbj\u00f8rn Soldal<br \/>Tel. 46 89 58 80<br \/>Tel. 62 94 54 40<br \/>Email: <a href=\"mailto:torbjorn.soldal@entrack.no\">torbjorn.soldal@entrack.no<\/a><\/p><p class=\"distrikt\">District - E39 East \/ Hordland South \/ Rogland<\/p><p><b>Sandvik Service Sulotion As<br \/><\/b>Haukeliveien 353, 5583 Vikedal<br \/>Attn: Per Inge Sandvik Tel. 922 04 956<\/p><p>Email:\u00a0<a title=\"\" href=\"mailto:per@sandvik-solution.no\">per@sandvik-solution.no<\/a><\/p><p class=\"distrikt\">District - Rogland North \/ Stord \/ E39<\/p><p><b>Bilfinger Engineering and Maintenance Nordics<br \/><\/b><strong>Hydroveien 160, 4265 H\u00e5vik<\/strong><br \/>Attn: Ole Johnny Vikingstad<br \/>Tel: 52 84 70 60<br \/>Email: <a href=\"mailto:ole.johnny.vikingstad@bilfinger.com\">ole.johnny.vikingstad@bilfinger.com<\/a><\/p><p class=\"distrikt\">District - Rogaland to Boknafjorden<\/p><p><b>Rogaland Maskinservice AS,<br \/>J\u00e6rveien 144, 4344 Bryne, Norway<\/b><br \/>Attn: Torje H\u00e5land, Tel. 900 40 830,<br \/>Email: <a href=\"mailto:th@rogmas.no\">th@rogmas.no<\/a><br \/>Attn: Leif Magnar Herikstad, Tel: 934 57 975,<br \/>Email: <a href=\"mailto:lmh@rogmas.no\">lmh@rogmas.no<\/a><\/p><p class=\"distrikt\">District - Aust and Vest Agder<\/p><p><b>Entrack AS Kristiansand,<br \/>Storemyrlia 23, 4790 Lillesand<\/b><br \/>Attn: Halvor Laland, Head of Department, Tel: 94 79 36 41,<br \/>Email: <a href=\"mailto:halvor.laland@entrack.no\">halvor.laland@entrack.no<\/a><\/p><p>Attn: Cato Lynghaug, Tel: 996 95 692,<br \/>Email: <a href=\"mailto:cato@entrack.no\">cato@entrack.no<\/a><\/p><p class=\"distrikt\">District - Innlandet<\/p><p><b>Tor Bakke AS,<br \/>Gamlevegen 8, 2355 Gaupen<\/b><br \/>Attn: Jonas Grande, Tel. 951 95 577,<br \/>Email: <a href=\"mailto:jonas@torbakke.as\">jonas@torbakke.as<\/a><br \/>Attn: Tor Bakke, Tel. 970 13 350,<br \/>Email: <a href=\"mailto:tor@torbakke.as\">tor@torbakke.as<\/a><\/p><p class=\"distrikt\">District - Moss<\/p><p><strong>Entrack AS, Moss department<br \/>Solgaard Forest 9, 1599 Moss<br \/><\/strong>Attn: Timon Keller<br \/>Tel: 69 26 22 22<br \/>Email: <a href=\"mailto:timon.keller@entrack.no\">timon.keller@entrack.no<\/a><\/p><p class=\"distrikt\">District - Hedmark<\/p><p><b>Entrack AS,<br \/>Framvegen 2, 2264 Grinder<\/b><br \/>Attn: Trond Bye<br \/>Tel: 62 94 54 47<br \/>Email: <a href=\"mailto:trond.b@entrack.no\">trond.b@entrack.no<\/a><\/p><p class=\"distrikt\">District - Hedmark South<\/p><p><b>MK Service AS<br \/>Sundsrudvn. 51, <\/b><strong>1950 R\u00f8mskog<\/strong><br \/>Attn: Robert Moen<br \/>Tel: 92 85 19 07<\/p>\t\t\t\t\t\t\t\t<\/div>\n\t\t\t\t<\/div>\n\t\t\t\t\t<\/div>\n\t\t<\/div>\n\t\t\t\t\t<\/div>\n\t\t<\/section>\n\t\t\t\t<\/div>\n\t\t<span class=\"et_bloom_bottom_trigger\"><\/span>","protected":false},"excerpt":{"rendered":"<p>Entrack Maskinservice Ved \u00e5 benytte Entrack sine serviceteknikere opprettholder du kvaliteten p\u00e5 din maskin og ditt ustyr. Vi har et landsomfattende servicenett som server de fleste typer maskiner og utstyr, uavhengig av merke eller type. Vi tilbyr ogs\u00e5 alt av deler, filter og glass til de fleste maskintyper. Sp\u00f8r oss gjerne om pris p\u00e5 deler [&hellip;]<\/p>\n","protected":false},"author":1,"featured_media":47570,"parent":0,"menu_order":0,"comment_status":"closed","ping_status":"closed","template":"","meta":{"_acf_changed":false,"footnotes":""},"class_list":["post-47568","page","type-page","status-publish","has-post-thumbnail","hentry"],"acf":[],"_links":{"self":[{"href":"https:\/\/www.entrack.no\/en\/wp-json\/wp\/v2\/pages\/47568","targetHints":{"allow":["GET"]}}],"collection":[{"href":"https:\/\/www.entrack.no\/en\/wp-json\/wp\/v2\/pages"}],"about":[{"href":"https:\/\/www.entrack.no\/en\/wp-json\/wp\/v2\/types\/page"}],"author":[{"embeddable":true,"href":"https:\/\/www.entrack.no\/en\/wp-json\/wp\/v2\/users\/1"}],"replies":[{"embeddable":true,"href":"https:\/\/www.entrack.no\/en\/wp-json\/wp\/v2\/comments?post=47568"}],"version-history":[{"count":38,"href":"https:\/\/www.entrack.no\/en\/wp-json\/wp\/v2\/pages\/47568\/revisions"}],"predecessor-version":[{"id":66432,"href":"https:\/\/www.entrack.no\/en\/wp-json\/wp\/v2\/pages\/47568\/revisions\/66432"}],"wp:featuredmedia":[{"embeddable":true,"href":"https:\/\/www.entrack.no\/en\/wp-json\/wp\/v2\/media\/47570"}],"wp:attachment":[{"href":"https:\/\/www.entrack.no\/en\/wp-json\/wp\/v2\/media?parent=47568"}],"curies":[{"name":"wp","href":"https:\/\/api.w.org\/{rel}","templated":true}]}}